{"id":2235,"date":"2009-05-24T20:28:56","date_gmt":"2009-05-24T17:28:56","guid":{"rendered":"http:\/\/www.woodentouch.fi\/?page_id=2235"},"modified":"2015-06-23T12:46:38","modified_gmt":"2015-06-23T09:46:38","slug":"poyta260","status":"publish","type":"page","link":"https:\/\/woodentouch.fi\/wordpress\/tuotteet\/galleria\/poyta260\/","title":{"rendered":"poyta260"},"content":{"rendered":"<p>Erikoisempi ratkaisu ruokap\u00f6yd\u00e4ss\u00e4. Kansilevy on rakennettu pystyyn liimatusta koivuvanerista, sek\u00e4 yhdistetty koivukehykseen ja -jalkoihin.<\/p>\n<p>200&#215;100 koivu 1380 euroa<\/p>\n","protected":false},"excerpt":{"rendered":"<p>Erikoisempi ratkaisu ruokap\u00f6yd\u00e4ss\u00e4. Kansilevy on rakennettu pystyyn liimatusta koivuvanerista, sek\u00e4 yhdistetty koivukehykseen ja -jalkoihin. 200&#215;100 koivu 1380 euroa<\/p>\n","protected":false},"author":3,"featured_media":0,"parent":333,"menu_order":0,"comment_status":"closed","ping_status":"open","template":"tuote.php","meta":{"om_disable_all_campaigns":false,"_monsterinsights_skip_tracking":false,"_monsterinsights_sitenote_active":false,"_monsterinsights_sitenote_note":"","_monsterinsights_sitenote_category":0,"footnotes":""},"class_list":["post-2235","page","type-page","status-publish","hentry"],"aioseo_notices":[],"_links":{"self":[{"href":"https:\/\/woodentouch.fi\/wordpress\/wp-json\/wp\/v2\/pages\/2235","targetHints":{"allow":["GET"]}}],"collection":[{"href":"https:\/\/woodentouch.fi\/wordpress\/wp-json\/wp\/v2\/pages"}],"about":[{"href":"https:\/\/woodentouch.fi\/wordpress\/wp-json\/wp\/v2\/types\/page"}],"author":[{"embeddable":true,"href":"https:\/\/woodentouch.fi\/wordpress\/wp-json\/wp\/v2\/users\/3"}],"replies":[{"embeddable":true,"href":"https:\/\/woodentouch.fi\/wordpress\/wp-json\/wp\/v2\/comments?post=2235"}],"version-history":[{"count":5,"href":"https:\/\/woodentouch.fi\/wordpress\/wp-json\/wp\/v2\/pages\/2235\/revisions"}],"predecessor-version":[{"id":2425,"href":"https:\/\/woodentouch.fi\/wordpress\/wp-json\/wp\/v2\/pages\/2235\/revisions\/2425"}],"up":[{"embeddable":true,"href":"https:\/\/woodentouch.fi\/wordpress\/wp-json\/wp\/v2\/pages\/333"}],"wp:attachment":[{"href":"https:\/\/woodentouch.fi\/wordpress\/wp-json\/wp\/v2\/media?parent=2235"}],"curies":[{"name":"wp","href":"https:\/\/api.w.org\/{rel}","templated":true}]}}