{"id":2224,"date":"2009-10-24T20:16:30","date_gmt":"2009-10-24T17:16:30","guid":{"rendered":"http:\/\/www.woodentouch.fi\/?page_id=2224"},"modified":"2015-06-23T12:27:17","modified_gmt":"2015-06-23T09:27:17","slug":"2224-2","status":"publish","type":"page","link":"https:\/\/woodentouch.fi\/wordpress\/tuotteet\/galleria\/2224-2\/","title":{"rendered":"poyta270"},"content":{"rendered":"<p>Jykev\u00e4\u00e4 tyyli\u00e4 hakevalle tamminen p\u00f6yt\u00e4 ja penkit.<\/p>\n<p>p\u00f6yt\u00e4 130&#215;130 tammi 1570 euroa<\/p>\n","protected":false},"excerpt":{"rendered":"<p>Jykev\u00e4\u00e4 tyyli\u00e4 hakevalle tamminen p\u00f6yt\u00e4 ja penkit. p\u00f6yt\u00e4 130&#215;130 tammi 1570 euroa<\/p>\n","protected":false},"author":3,"featured_media":0,"parent":333,"menu_order":0,"comment_status":"closed","ping_status":"open","template":"tuote.php","meta":{"om_disable_all_campaigns":false,"_monsterinsights_skip_tracking":false,"_monsterinsights_sitenote_active":false,"_monsterinsights_sitenote_note":"","_monsterinsights_sitenote_category":0,"footnotes":""},"class_list":["post-2224","page","type-page","status-publish","hentry"],"aioseo_notices":[],"_links":{"self":[{"href":"https:\/\/woodentouch.fi\/wordpress\/wp-json\/wp\/v2\/pages\/2224","targetHints":{"allow":["GET"]}}],"collection":[{"href":"https:\/\/woodentouch.fi\/wordpress\/wp-json\/wp\/v2\/pages"}],"about":[{"href":"https:\/\/woodentouch.fi\/wordpress\/wp-json\/wp\/v2\/types\/page"}],"author":[{"embeddable":true,"href":"https:\/\/woodentouch.fi\/wordpress\/wp-json\/wp\/v2\/users\/3"}],"replies":[{"embeddable":true,"href":"https:\/\/woodentouch.fi\/wordpress\/wp-json\/wp\/v2\/comments?post=2224"}],"version-history":[{"count":6,"href":"https:\/\/woodentouch.fi\/wordpress\/wp-json\/wp\/v2\/pages\/2224\/revisions"}],"predecessor-version":[{"id":2414,"href":"https:\/\/woodentouch.fi\/wordpress\/wp-json\/wp\/v2\/pages\/2224\/revisions\/2414"}],"up":[{"embeddable":true,"href":"https:\/\/woodentouch.fi\/wordpress\/wp-json\/wp\/v2\/pages\/333"}],"wp:attachment":[{"href":"https:\/\/woodentouch.fi\/wordpress\/wp-json\/wp\/v2\/media?parent=2224"}],"curies":[{"name":"wp","href":"https:\/\/api.w.org\/{rel}","templated":true}]}}