{"id":2214,"date":"2010-10-24T20:01:15","date_gmt":"2010-10-24T17:01:15","guid":{"rendered":"http:\/\/www.woodentouch.fi\/?page_id=2214"},"modified":"2021-08-19T15:52:54","modified_gmt":"2021-08-19T12:52:54","slug":"poyta250","status":"publish","type":"page","link":"https:\/\/woodentouch.fi\/wordpress\/tuotteet\/galleria\/poyta250\/","title":{"rendered":"poyta250"},"content":{"rendered":"<p>Siro ja linjakas p\u00f6yt\u00e4, joka k\u00e4y kirjoitus-, sivu- tai ty\u00f6p\u00f6yd\u00e4ksi. Luonnossa paljon kuvia tyylikk\u00e4\u00e4mpi. Valmistetaan luonnollisesti yksil\u00f6llisill\u00e4 mitoilla ja halutusta materiaalista.<\/p>\n<p>&nbsp;<\/p>\n","protected":false},"excerpt":{"rendered":"<p>Siro ja linjakas p\u00f6yt\u00e4, joka k\u00e4y kirjoitus-, sivu- tai ty\u00f6p\u00f6yd\u00e4ksi. Luonnossa paljon kuvia tyylikk\u00e4\u00e4mpi. Valmistetaan luonnollisesti yksil\u00f6llisill\u00e4 mitoilla ja halutusta materiaalista. &nbsp;<\/p>\n","protected":false},"author":3,"featured_media":0,"parent":333,"menu_order":0,"comment_status":"closed","ping_status":"open","template":"tuote.php","meta":{"om_disable_all_campaigns":false,"_monsterinsights_skip_tracking":false,"_monsterinsights_sitenote_active":false,"_monsterinsights_sitenote_note":"","_monsterinsights_sitenote_category":0,"footnotes":""},"class_list":["post-2214","page","type-page","status-publish","hentry"],"aioseo_notices":[],"_links":{"self":[{"href":"https:\/\/woodentouch.fi\/wordpress\/wp-json\/wp\/v2\/pages\/2214","targetHints":{"allow":["GET"]}}],"collection":[{"href":"https:\/\/woodentouch.fi\/wordpress\/wp-json\/wp\/v2\/pages"}],"about":[{"href":"https:\/\/woodentouch.fi\/wordpress\/wp-json\/wp\/v2\/types\/page"}],"author":[{"embeddable":true,"href":"https:\/\/woodentouch.fi\/wordpress\/wp-json\/wp\/v2\/users\/3"}],"replies":[{"embeddable":true,"href":"https:\/\/woodentouch.fi\/wordpress\/wp-json\/wp\/v2\/comments?post=2214"}],"version-history":[{"count":4,"href":"https:\/\/woodentouch.fi\/wordpress\/wp-json\/wp\/v2\/pages\/2214\/revisions"}],"predecessor-version":[{"id":2879,"href":"https:\/\/woodentouch.fi\/wordpress\/wp-json\/wp\/v2\/pages\/2214\/revisions\/2879"}],"up":[{"embeddable":true,"href":"https:\/\/woodentouch.fi\/wordpress\/wp-json\/wp\/v2\/pages\/333"}],"wp:attachment":[{"href":"https:\/\/woodentouch.fi\/wordpress\/wp-json\/wp\/v2\/media?parent=2214"}],"curies":[{"name":"wp","href":"https:\/\/api.w.org\/{rel}","templated":true}]}}