{"id":2198,"date":"2009-03-24T19:09:37","date_gmt":"2009-03-24T17:09:37","guid":{"rendered":"http:\/\/www.woodentouch.fi\/?page_id=2198"},"modified":"2013-10-24T20:10:10","modified_gmt":"2013-10-24T17:10:10","slug":"poyta300","status":"publish","type":"page","link":"https:\/\/woodentouch.fi\/wordpress\/tuotteet\/galleria\/poyta300\/","title":{"rendered":"p\u00f6yt\u00e4300"},"content":{"rendered":"<p>Tamminen sivup\u00f6yt\u00e4 kevyell\u00e4 ja sirolla designilla. Reunojen voimakkaat viisteet luovat ilmett\u00e4. Luonnossa paljon kuvia tyylikk\u00e4\u00e4mpi.<\/p>\n","protected":false},"excerpt":{"rendered":"<p>Tamminen sivup\u00f6yt\u00e4 kevyell\u00e4 ja sirolla designilla. Reunojen voimakkaat viisteet luovat ilmett\u00e4. Luonnossa paljon kuvia tyylikk\u00e4\u00e4mpi.<\/p>\n","protected":false},"author":3,"featured_media":0,"parent":333,"menu_order":0,"comment_status":"closed","ping_status":"open","template":"tuote.php","meta":{"om_disable_all_campaigns":false,"_monsterinsights_skip_tracking":false,"_monsterinsights_sitenote_active":false,"_monsterinsights_sitenote_note":"","_monsterinsights_sitenote_category":0,"footnotes":""},"class_list":["post-2198","page","type-page","status-publish","hentry"],"aioseo_notices":[],"_links":{"self":[{"href":"https:\/\/woodentouch.fi\/wordpress\/wp-json\/wp\/v2\/pages\/2198","targetHints":{"allow":["GET"]}}],"collection":[{"href":"https:\/\/woodentouch.fi\/wordpress\/wp-json\/wp\/v2\/pages"}],"about":[{"href":"https:\/\/woodentouch.fi\/wordpress\/wp-json\/wp\/v2\/types\/page"}],"author":[{"embeddable":true,"href":"https:\/\/woodentouch.fi\/wordpress\/wp-json\/wp\/v2\/users\/3"}],"replies":[{"embeddable":true,"href":"https:\/\/woodentouch.fi\/wordpress\/wp-json\/wp\/v2\/comments?post=2198"}],"version-history":[{"count":8,"href":"https:\/\/woodentouch.fi\/wordpress\/wp-json\/wp\/v2\/pages\/2198\/revisions"}],"predecessor-version":[{"id":2222,"href":"https:\/\/woodentouch.fi\/wordpress\/wp-json\/wp\/v2\/pages\/2198\/revisions\/2222"}],"up":[{"embeddable":true,"href":"https:\/\/woodentouch.fi\/wordpress\/wp-json\/wp\/v2\/pages\/333"}],"wp:attachment":[{"href":"https:\/\/woodentouch.fi\/wordpress\/wp-json\/wp\/v2\/media?parent=2198"}],"curies":[{"name":"wp","href":"https:\/\/api.w.org\/{rel}","templated":true}]}}