{"id":2180,"date":"2013-09-24T15:34:16","date_gmt":"2013-09-24T12:34:16","guid":{"rendered":"http:\/\/www.woodentouch.fi\/?page_id=2180"},"modified":"2021-06-24T15:11:39","modified_gmt":"2021-06-24T12:11:39","slug":"poyta290","status":"publish","type":"page","link":"https:\/\/woodentouch.fi\/wordpress\/tuotteet\/galleria\/poyta290\/","title":{"rendered":"poyta290"},"content":{"rendered":"<p>Todella tyylik\u00e4s malli. P\u00f6yt\u00e4 on samalla massiivinen ett\u00e4 veistosmaisen keve\u00e4. N\u00e4ytt\u00e4\u00e4 joka suunnalta erilaiselta. \u00a0Kuvan p\u00f6yt\u00e4 on petsattua tammea.<\/p>\n<p>Haasteellinen mutta mukava valmistettava.<\/p>\n<p>200&#215;100<\/p>\n<p>koivusta 14100 euroa<\/p>\n<p>tammesta 1840 euroa<\/p>\n<p>p\u00e4hkin\u00e4st\u00e4 2140 euroa<\/p>\n","protected":false},"excerpt":{"rendered":"<p>Todella tyylik\u00e4s malli. P\u00f6yt\u00e4 on samalla massiivinen ett\u00e4 veistosmaisen keve\u00e4. N\u00e4ytt\u00e4\u00e4 joka suunnalta erilaiselta. \u00a0Kuvan p\u00f6yt\u00e4 on petsattua tammea. Haasteellinen mutta mukava valmistettava. 200&#215;100 koivusta 14100 euroa tammesta 1840 euroa p\u00e4hkin\u00e4st\u00e4 2140 euroa<\/p>\n","protected":false},"author":3,"featured_media":0,"parent":333,"menu_order":20,"comment_status":"closed","ping_status":"open","template":"tuote.php","meta":{"om_disable_all_campaigns":false,"_monsterinsights_skip_tracking":false,"_monsterinsights_sitenote_active":false,"_monsterinsights_sitenote_note":"","_monsterinsights_sitenote_category":0,"footnotes":""},"class_list":["post-2180","page","type-page","status-publish","hentry"],"aioseo_notices":[],"_links":{"self":[{"href":"https:\/\/woodentouch.fi\/wordpress\/wp-json\/wp\/v2\/pages\/2180","targetHints":{"allow":["GET"]}}],"collection":[{"href":"https:\/\/woodentouch.fi\/wordpress\/wp-json\/wp\/v2\/pages"}],"about":[{"href":"https:\/\/woodentouch.fi\/wordpress\/wp-json\/wp\/v2\/types\/page"}],"author":[{"embeddable":true,"href":"https:\/\/woodentouch.fi\/wordpress\/wp-json\/wp\/v2\/users\/3"}],"replies":[{"embeddable":true,"href":"https:\/\/woodentouch.fi\/wordpress\/wp-json\/wp\/v2\/comments?post=2180"}],"version-history":[{"count":15,"href":"https:\/\/woodentouch.fi\/wordpress\/wp-json\/wp\/v2\/pages\/2180\/revisions"}],"predecessor-version":[{"id":2744,"href":"https:\/\/woodentouch.fi\/wordpress\/wp-json\/wp\/v2\/pages\/2180\/revisions\/2744"}],"up":[{"embeddable":true,"href":"https:\/\/woodentouch.fi\/wordpress\/wp-json\/wp\/v2\/pages\/333"}],"wp:attachment":[{"href":"https:\/\/woodentouch.fi\/wordpress\/wp-json\/wp\/v2\/media?parent=2180"}],"curies":[{"name":"wp","href":"https:\/\/api.w.org\/{rel}","templated":true}]}}