{"id":213,"date":"2009-06-24T14:45:54","date_gmt":"2009-06-24T11:45:54","guid":{"rendered":"http:\/\/www.woodentouch.fi\/wordpress\/?page_id=213"},"modified":"2015-06-23T12:40:30","modified_gmt":"2015-06-23T09:40:30","slug":"poyta25","status":"publish","type":"page","link":"https:\/\/woodentouch.fi\/wordpress\/tuotteet\/galleria\/poyta25\/","title":{"rendered":"poyta25"},"content":{"rendered":"<p>Neli\u00f6n muotoinen 140&#215;140 ruokap\u00f6yt\u00e4. Kattauksessa neli\u00f6n muotoisen p\u00f6yd\u00e4n keskell\u00e4 j\u00e4\u00e4 v\u00e4ljyytt\u00e4 ruokien tarjoilemiseksi.<\/p>\n<p>tammi 1680 euroa<\/p>\n<p>p\u00e4hkin\u00e4 1920 euroa<\/p>\n","protected":false},"excerpt":{"rendered":"<p>Neli\u00f6n muotoinen 140&#215;140 ruokap\u00f6yt\u00e4. Kattauksessa neli\u00f6n muotoisen p\u00f6yd\u00e4n keskell\u00e4 j\u00e4\u00e4 v\u00e4ljyytt\u00e4 ruokien tarjoilemiseksi. tammi 1680 euroa p\u00e4hkin\u00e4 1920 euroa<\/p>\n","protected":false},"author":3,"featured_media":0,"parent":333,"menu_order":0,"comment_status":"open","ping_status":"open","template":"tuote.php","meta":{"om_disable_all_campaigns":false,"_monsterinsights_skip_tracking":false,"_monsterinsights_sitenote_active":false,"_monsterinsights_sitenote_note":"","_monsterinsights_sitenote_category":0,"footnotes":""},"class_list":["post-213","page","type-page","status-publish","hentry"],"aioseo_notices":[],"_links":{"self":[{"href":"https:\/\/woodentouch.fi\/wordpress\/wp-json\/wp\/v2\/pages\/213","targetHints":{"allow":["GET"]}}],"collection":[{"href":"https:\/\/woodentouch.fi\/wordpress\/wp-json\/wp\/v2\/pages"}],"about":[{"href":"https:\/\/woodentouch.fi\/wordpress\/wp-json\/wp\/v2\/types\/page"}],"author":[{"embeddable":true,"href":"https:\/\/woodentouch.fi\/wordpress\/wp-json\/wp\/v2\/users\/3"}],"replies":[{"embeddable":true,"href":"https:\/\/woodentouch.fi\/wordpress\/wp-json\/wp\/v2\/comments?post=213"}],"version-history":[{"count":10,"href":"https:\/\/woodentouch.fi\/wordpress\/wp-json\/wp\/v2\/pages\/213\/revisions"}],"predecessor-version":[{"id":2422,"href":"https:\/\/woodentouch.fi\/wordpress\/wp-json\/wp\/v2\/pages\/213\/revisions\/2422"}],"up":[{"embeddable":true,"href":"https:\/\/woodentouch.fi\/wordpress\/wp-json\/wp\/v2\/pages\/333"}],"wp:attachment":[{"href":"https:\/\/woodentouch.fi\/wordpress\/wp-json\/wp\/v2\/media?parent=213"}],"curies":[{"name":"wp","href":"https:\/\/api.w.org\/{rel}","templated":true}]}}