{"id":2057,"date":"2011-03-18T15:18:49","date_gmt":"2011-03-18T13:18:49","guid":{"rendered":"http:\/\/www.woodentouch.fi\/?page_id=2057"},"modified":"2015-06-30T21:04:59","modified_gmt":"2015-06-30T18:04:59","slug":"sohvapoyta180","status":"publish","type":"page","link":"https:\/\/woodentouch.fi\/wordpress\/tuotteet\/galleria\/sohvapoyta180\/","title":{"rendered":"sohvapoyta180"},"content":{"rendered":"<p>Sirommalla, mutta sit\u00e4kin tyylikk\u00e4\u00e4mm\u00e4ll\u00e4 mallilla tehty sohvap\u00f6yt\u00e4. Kapea ja pitk\u00e4 malli on todella linjakas. P\u00e4hkin\u00e4puuta.<\/p>\n<p>920 euroa<\/p>\n","protected":false},"excerpt":{"rendered":"<p>Sirommalla, mutta sit\u00e4kin tyylikk\u00e4\u00e4mm\u00e4ll\u00e4 mallilla tehty sohvap\u00f6yt\u00e4. Kapea ja pitk\u00e4 malli on todella linjakas. P\u00e4hkin\u00e4puuta. 920 euroa<\/p>\n","protected":false},"author":3,"featured_media":0,"parent":333,"menu_order":0,"comment_status":"closed","ping_status":"open","template":"tuote.php","meta":{"om_disable_all_campaigns":false,"_monsterinsights_skip_tracking":false,"_monsterinsights_sitenote_active":false,"_monsterinsights_sitenote_note":"","_monsterinsights_sitenote_category":0,"footnotes":""},"class_list":["post-2057","page","type-page","status-publish","hentry"],"aioseo_notices":[],"_links":{"self":[{"href":"https:\/\/woodentouch.fi\/wordpress\/wp-json\/wp\/v2\/pages\/2057","targetHints":{"allow":["GET"]}}],"collection":[{"href":"https:\/\/woodentouch.fi\/wordpress\/wp-json\/wp\/v2\/pages"}],"about":[{"href":"https:\/\/woodentouch.fi\/wordpress\/wp-json\/wp\/v2\/types\/page"}],"author":[{"embeddable":true,"href":"https:\/\/woodentouch.fi\/wordpress\/wp-json\/wp\/v2\/users\/3"}],"replies":[{"embeddable":true,"href":"https:\/\/woodentouch.fi\/wordpress\/wp-json\/wp\/v2\/comments?post=2057"}],"version-history":[{"count":10,"href":"https:\/\/woodentouch.fi\/wordpress\/wp-json\/wp\/v2\/pages\/2057\/revisions"}],"predecessor-version":[{"id":2442,"href":"https:\/\/woodentouch.fi\/wordpress\/wp-json\/wp\/v2\/pages\/2057\/revisions\/2442"}],"up":[{"embeddable":true,"href":"https:\/\/woodentouch.fi\/wordpress\/wp-json\/wp\/v2\/pages\/333"}],"wp:attachment":[{"href":"https:\/\/woodentouch.fi\/wordpress\/wp-json\/wp\/v2\/media?parent=2057"}],"curies":[{"name":"wp","href":"https:\/\/api.w.org\/{rel}","templated":true}]}}