{"id":2047,"date":"2009-03-18T15:12:38","date_gmt":"2009-03-18T13:12:38","guid":{"rendered":"http:\/\/www.woodentouch.fi\/?page_id=2047"},"modified":"2015-06-23T14:17:02","modified_gmt":"2015-06-23T11:17:02","slug":"sohvapoyta170","status":"publish","type":"page","link":"https:\/\/woodentouch.fi\/wordpress\/tuotteet\/galleria\/sohvapoyta170\/","title":{"rendered":"sohvapoyta170"},"content":{"rendered":"<p>Tukevalla designilla oleva p\u00e4hkin\u00e4puinen sohvap\u00f6yt\u00e4. Asiakas antoi hahmotelman mallista ja toimiva se olikin.<\/p>\n<p>110x50x40 p\u00e4hkin\u00e4 970 euroa<\/p>\n","protected":false},"excerpt":{"rendered":"<p>Tukevalla designilla oleva p\u00e4hkin\u00e4puinen sohvap\u00f6yt\u00e4. Asiakas antoi hahmotelman mallista ja toimiva se olikin. 110x50x40 p\u00e4hkin\u00e4 970 euroa<\/p>\n","protected":false},"author":3,"featured_media":0,"parent":333,"menu_order":0,"comment_status":"closed","ping_status":"open","template":"tuote.php","meta":{"om_disable_all_campaigns":false,"_monsterinsights_skip_tracking":false,"_monsterinsights_sitenote_active":false,"_monsterinsights_sitenote_note":"","_monsterinsights_sitenote_category":0,"footnotes":""},"class_list":["post-2047","page","type-page","status-publish","hentry"],"aioseo_notices":[],"_links":{"self":[{"href":"https:\/\/woodentouch.fi\/wordpress\/wp-json\/wp\/v2\/pages\/2047","targetHints":{"allow":["GET"]}}],"collection":[{"href":"https:\/\/woodentouch.fi\/wordpress\/wp-json\/wp\/v2\/pages"}],"about":[{"href":"https:\/\/woodentouch.fi\/wordpress\/wp-json\/wp\/v2\/types\/page"}],"author":[{"embeddable":true,"href":"https:\/\/woodentouch.fi\/wordpress\/wp-json\/wp\/v2\/users\/3"}],"replies":[{"embeddable":true,"href":"https:\/\/woodentouch.fi\/wordpress\/wp-json\/wp\/v2\/comments?post=2047"}],"version-history":[{"count":9,"href":"https:\/\/woodentouch.fi\/wordpress\/wp-json\/wp\/v2\/pages\/2047\/revisions"}],"predecessor-version":[{"id":2437,"href":"https:\/\/woodentouch.fi\/wordpress\/wp-json\/wp\/v2\/pages\/2047\/revisions\/2437"}],"up":[{"embeddable":true,"href":"https:\/\/woodentouch.fi\/wordpress\/wp-json\/wp\/v2\/pages\/333"}],"wp:attachment":[{"href":"https:\/\/woodentouch.fi\/wordpress\/wp-json\/wp\/v2\/media?parent=2047"}],"curies":[{"name":"wp","href":"https:\/\/api.w.org\/{rel}","templated":true}]}}