{"id":183,"date":"2009-06-24T14:21:15","date_gmt":"2009-06-24T11:21:15","guid":{"rendered":"http:\/\/www.woodentouch.fi\/wordpress\/?page_id=183"},"modified":"2012-03-16T19:49:28","modified_gmt":"2012-03-16T17:49:28","slug":"poyta160","status":"publish","type":"page","link":"https:\/\/woodentouch.fi\/wordpress\/tuotteet\/galleria\/poyta160\/","title":{"rendered":"poyta160"},"content":{"rendered":"<p>Neli\u00f6n muotoinen ruokap\u00f6yt\u00e4 loimukirsikasta. P\u00f6yd\u00e4n alla on jatkopala joka voidaan nostaa p\u00e4\u00e4tyyn alta liukuvien tukikiskojen p\u00e4\u00e4lle.<\/p>\n","protected":false},"excerpt":{"rendered":"<p>Neli\u00f6n muotoinen ruokap\u00f6yt\u00e4 loimukirsikasta. P\u00f6yd\u00e4n alla on jatkopala joka voidaan nostaa p\u00e4\u00e4tyyn alta liukuvien tukikiskojen p\u00e4\u00e4lle.<\/p>\n","protected":false},"author":3,"featured_media":0,"parent":333,"menu_order":0,"comment_status":"open","ping_status":"open","template":"tuote.php","meta":{"om_disable_all_campaigns":false,"_monsterinsights_skip_tracking":false,"_monsterinsights_sitenote_active":false,"_monsterinsights_sitenote_note":"","_monsterinsights_sitenote_category":0,"footnotes":""},"class_list":["post-183","page","type-page","status-publish","hentry"],"aioseo_notices":[],"_links":{"self":[{"href":"https:\/\/woodentouch.fi\/wordpress\/wp-json\/wp\/v2\/pages\/183","targetHints":{"allow":["GET"]}}],"collection":[{"href":"https:\/\/woodentouch.fi\/wordpress\/wp-json\/wp\/v2\/pages"}],"about":[{"href":"https:\/\/woodentouch.fi\/wordpress\/wp-json\/wp\/v2\/types\/page"}],"author":[{"embeddable":true,"href":"https:\/\/woodentouch.fi\/wordpress\/wp-json\/wp\/v2\/users\/3"}],"replies":[{"embeddable":true,"href":"https:\/\/woodentouch.fi\/wordpress\/wp-json\/wp\/v2\/comments?post=183"}],"version-history":[{"count":6,"href":"https:\/\/woodentouch.fi\/wordpress\/wp-json\/wp\/v2\/pages\/183\/revisions"}],"predecessor-version":[{"id":588,"href":"https:\/\/woodentouch.fi\/wordpress\/wp-json\/wp\/v2\/pages\/183\/revisions\/588"}],"up":[{"embeddable":true,"href":"https:\/\/woodentouch.fi\/wordpress\/wp-json\/wp\/v2\/pages\/333"}],"wp:attachment":[{"href":"https:\/\/woodentouch.fi\/wordpress\/wp-json\/wp\/v2\/media?parent=183"}],"curies":[{"name":"wp","href":"https:\/\/api.w.org\/{rel}","templated":true}]}}