{"id":180,"date":"2009-06-24T14:19:09","date_gmt":"2009-06-24T11:19:09","guid":{"rendered":"http:\/\/www.woodentouch.fi\/wordpress\/?page_id=180"},"modified":"2015-06-23T14:14:27","modified_gmt":"2015-06-23T11:14:27","slug":"sohvapoyta50","status":"publish","type":"page","link":"https:\/\/woodentouch.fi\/wordpress\/tuotteet\/galleria\/sohvapoyta50\/","title":{"rendered":"sohvapoyta50"},"content":{"rendered":"<p>Koivuinen petsattu sohvap\u00f6yt\u00e4 lasikannella. P\u00f6yt\u00e4\u00e4 voidaan &#8221;tuunata&#8221; t\u00e4ytt\u00e4m\u00e4ll\u00e4 kannenalus vaikka koristekivill\u00e4 tai kahvinpavuilla.<\/p>\n<p>80&#215;80 petsattu koivu 720 euroa<\/p>\n","protected":false},"excerpt":{"rendered":"<p>Koivuinen petsattu sohvap\u00f6yt\u00e4 lasikannella. P\u00f6yt\u00e4\u00e4 voidaan &#8221;tuunata&#8221; t\u00e4ytt\u00e4m\u00e4ll\u00e4 kannenalus vaikka koristekivill\u00e4 tai kahvinpavuilla. 80&#215;80 petsattu koivu 720 euroa<\/p>\n","protected":false},"author":3,"featured_media":0,"parent":333,"menu_order":0,"comment_status":"open","ping_status":"open","template":"tuote.php","meta":{"om_disable_all_campaigns":false,"_monsterinsights_skip_tracking":false,"_monsterinsights_sitenote_active":false,"_monsterinsights_sitenote_note":"","_monsterinsights_sitenote_category":0,"footnotes":""},"class_list":["post-180","page","type-page","status-publish","hentry"],"aioseo_notices":[],"_links":{"self":[{"href":"https:\/\/woodentouch.fi\/wordpress\/wp-json\/wp\/v2\/pages\/180","targetHints":{"allow":["GET"]}}],"collection":[{"href":"https:\/\/woodentouch.fi\/wordpress\/wp-json\/wp\/v2\/pages"}],"about":[{"href":"https:\/\/woodentouch.fi\/wordpress\/wp-json\/wp\/v2\/types\/page"}],"author":[{"embeddable":true,"href":"https:\/\/woodentouch.fi\/wordpress\/wp-json\/wp\/v2\/users\/3"}],"replies":[{"embeddable":true,"href":"https:\/\/woodentouch.fi\/wordpress\/wp-json\/wp\/v2\/comments?post=180"}],"version-history":[{"count":12,"href":"https:\/\/woodentouch.fi\/wordpress\/wp-json\/wp\/v2\/pages\/180\/revisions"}],"predecessor-version":[{"id":2435,"href":"https:\/\/woodentouch.fi\/wordpress\/wp-json\/wp\/v2\/pages\/180\/revisions\/2435"}],"up":[{"embeddable":true,"href":"https:\/\/woodentouch.fi\/wordpress\/wp-json\/wp\/v2\/pages\/333"}],"wp:attachment":[{"href":"https:\/\/woodentouch.fi\/wordpress\/wp-json\/wp\/v2\/media?parent=180"}],"curies":[{"name":"wp","href":"https:\/\/api.w.org\/{rel}","templated":true}]}}