{"id":163,"date":"2009-06-24T13:58:51","date_gmt":"2009-06-24T10:58:51","guid":{"rendered":"http:\/\/www.woodentouch.fi\/wordpress\/?page_id=163"},"modified":"2015-06-30T21:24:33","modified_gmt":"2015-06-30T18:24:33","slug":"tvtaso90","status":"publish","type":"page","link":"https:\/\/woodentouch.fi\/wordpress\/tuotteet\/galleria\/tvtaso90\/","title":{"rendered":"tvtaso90"},"content":{"rendered":"<p>P\u00e4hkin\u00e4puisessa tv-tasossa on etsatut liukuvat lasiovet. Kaukos\u00e4\u00e4din signaali menee ovien l\u00e4pi, jolloin kaikki laitteet saadaan k\u00e4tev\u00e4sti piiloon. Ovet eiv\u00e4t vetimi\u00e4 kaipaa sill\u00e4 ne liikkuvat niit\u00e4 herk\u00e4sti liuttamalla. Mitat: 130x50x45<\/p>\n<p>1440 euroa<\/p>\n","protected":false},"excerpt":{"rendered":"<p>P\u00e4hkin\u00e4puisessa tv-tasossa on etsatut liukuvat lasiovet. Kaukos\u00e4\u00e4din signaali menee ovien l\u00e4pi, jolloin kaikki laitteet saadaan k\u00e4tev\u00e4sti piiloon. Ovet eiv\u00e4t vetimi\u00e4 kaipaa sill\u00e4 ne liikkuvat niit\u00e4 herk\u00e4sti liuttamalla. Mitat: 130x50x45 1440 euroa<\/p>\n","protected":false},"author":3,"featured_media":0,"parent":333,"menu_order":0,"comment_status":"open","ping_status":"open","template":"tuote.php","meta":{"om_disable_all_campaigns":false,"_monsterinsights_skip_tracking":false,"_monsterinsights_sitenote_active":false,"_monsterinsights_sitenote_note":"","_monsterinsights_sitenote_category":0,"footnotes":""},"class_list":["post-163","page","type-page","status-publish","hentry"],"aioseo_notices":[],"_links":{"self":[{"href":"https:\/\/woodentouch.fi\/wordpress\/wp-json\/wp\/v2\/pages\/163","targetHints":{"allow":["GET"]}}],"collection":[{"href":"https:\/\/woodentouch.fi\/wordpress\/wp-json\/wp\/v2\/pages"}],"about":[{"href":"https:\/\/woodentouch.fi\/wordpress\/wp-json\/wp\/v2\/types\/page"}],"author":[{"embeddable":true,"href":"https:\/\/woodentouch.fi\/wordpress\/wp-json\/wp\/v2\/users\/3"}],"replies":[{"embeddable":true,"href":"https:\/\/woodentouch.fi\/wordpress\/wp-json\/wp\/v2\/comments?post=163"}],"version-history":[{"count":9,"href":"https:\/\/woodentouch.fi\/wordpress\/wp-json\/wp\/v2\/pages\/163\/revisions"}],"predecessor-version":[{"id":2463,"href":"https:\/\/woodentouch.fi\/wordpress\/wp-json\/wp\/v2\/pages\/163\/revisions\/2463"}],"up":[{"embeddable":true,"href":"https:\/\/woodentouch.fi\/wordpress\/wp-json\/wp\/v2\/pages\/333"}],"wp:attachment":[{"href":"https:\/\/woodentouch.fi\/wordpress\/wp-json\/wp\/v2\/media?parent=163"}],"curies":[{"name":"wp","href":"https:\/\/api.w.org\/{rel}","templated":true}]}}