{"id":155,"date":"2009-06-24T12:38:22","date_gmt":"2009-06-24T09:38:22","guid":{"rendered":"http:\/\/www.woodentouch.fi\/wordpress\/?page_id=155"},"modified":"2014-10-09T22:39:54","modified_gmt":"2014-10-09T19:39:54","slug":"tvtaso70","status":"publish","type":"page","link":"https:\/\/woodentouch.fi\/wordpress\/tuotteet\/galleria\/tvtaso70\/","title":{"rendered":"tvtaso70"},"content":{"rendered":"<p>P\u00e4hkin\u00e4puinen s\u00e4ilytystaso. Vasemman puolen etsattu lasiovi liukuu oikealla olevien laatikoiden eteen. Laatikot avautuvat niit\u00e4 kevyesti painamalla. Mitat 200x50x45<\/p>\n<p>p\u00e4hkin\u00e4st\u00e4 1940 euroa<\/p>\n","protected":false},"excerpt":{"rendered":"<p>P\u00e4hkin\u00e4puinen s\u00e4ilytystaso. Vasemman puolen etsattu lasiovi liukuu oikealla olevien laatikoiden eteen. Laatikot avautuvat niit\u00e4 kevyesti painamalla. Mitat 200x50x45 p\u00e4hkin\u00e4st\u00e4 1940 euroa<\/p>\n","protected":false},"author":3,"featured_media":0,"parent":333,"menu_order":0,"comment_status":"open","ping_status":"open","template":"tuote.php","meta":{"om_disable_all_campaigns":false,"_monsterinsights_skip_tracking":false,"_monsterinsights_sitenote_active":false,"_monsterinsights_sitenote_note":"","_monsterinsights_sitenote_category":0,"footnotes":""},"class_list":["post-155","page","type-page","status-publish","hentry"],"aioseo_notices":[],"_links":{"self":[{"href":"https:\/\/woodentouch.fi\/wordpress\/wp-json\/wp\/v2\/pages\/155","targetHints":{"allow":["GET"]}}],"collection":[{"href":"https:\/\/woodentouch.fi\/wordpress\/wp-json\/wp\/v2\/pages"}],"about":[{"href":"https:\/\/woodentouch.fi\/wordpress\/wp-json\/wp\/v2\/types\/page"}],"author":[{"embeddable":true,"href":"https:\/\/woodentouch.fi\/wordpress\/wp-json\/wp\/v2\/users\/3"}],"replies":[{"embeddable":true,"href":"https:\/\/woodentouch.fi\/wordpress\/wp-json\/wp\/v2\/comments?post=155"}],"version-history":[{"count":9,"href":"https:\/\/woodentouch.fi\/wordpress\/wp-json\/wp\/v2\/pages\/155\/revisions"}],"predecessor-version":[{"id":2380,"href":"https:\/\/woodentouch.fi\/wordpress\/wp-json\/wp\/v2\/pages\/155\/revisions\/2380"}],"up":[{"embeddable":true,"href":"https:\/\/woodentouch.fi\/wordpress\/wp-json\/wp\/v2\/pages\/333"}],"wp:attachment":[{"href":"https:\/\/woodentouch.fi\/wordpress\/wp-json\/wp\/v2\/media?parent=155"}],"curies":[{"name":"wp","href":"https:\/\/api.w.org\/{rel}","templated":true}]}}