{"id":141,"date":"2009-06-24T12:27:36","date_gmt":"2009-06-24T09:27:36","guid":{"rendered":"http:\/\/www.woodentouch.fi\/wordpress\/?page_id=141"},"modified":"2015-06-30T21:26:17","modified_gmt":"2015-06-30T18:26:17","slug":"lehtiteline50","status":"publish","type":"page","link":"https:\/\/woodentouch.fi\/wordpress\/tuotteet\/galleria\/lehtiteline50\/","title":{"rendered":"Lehtiteline 50"},"content":{"rendered":"<p>Markkinoiden jykevin lehtiteline. Massa 25kg. Toimii sohvan sivup\u00f6yt\u00e4n\u00e4, y\u00f6p\u00f6yt\u00e4n\u00e4 tai keksi oma sovellus k\u00e4ytt\u00f6tarkoituksesta.<\/p>\n<p>320 euroa<\/p>\n","protected":false},"excerpt":{"rendered":"<p>Markkinoiden jykevin lehtiteline. Massa 25kg. Toimii sohvan sivup\u00f6yt\u00e4n\u00e4, y\u00f6p\u00f6yt\u00e4n\u00e4 tai keksi oma sovellus k\u00e4ytt\u00f6tarkoituksesta. 320 euroa<\/p>\n","protected":false},"author":3,"featured_media":0,"parent":333,"menu_order":0,"comment_status":"open","ping_status":"open","template":"tuote.php","meta":{"om_disable_all_campaigns":false,"_monsterinsights_skip_tracking":false,"_monsterinsights_sitenote_active":false,"_monsterinsights_sitenote_note":"","_monsterinsights_sitenote_category":0,"footnotes":""},"class_list":["post-141","page","type-page","status-publish","hentry"],"aioseo_notices":[],"_links":{"self":[{"href":"https:\/\/woodentouch.fi\/wordpress\/wp-json\/wp\/v2\/pages\/141","targetHints":{"allow":["GET"]}}],"collection":[{"href":"https:\/\/woodentouch.fi\/wordpress\/wp-json\/wp\/v2\/pages"}],"about":[{"href":"https:\/\/woodentouch.fi\/wordpress\/wp-json\/wp\/v2\/types\/page"}],"author":[{"embeddable":true,"href":"https:\/\/woodentouch.fi\/wordpress\/wp-json\/wp\/v2\/users\/3"}],"replies":[{"embeddable":true,"href":"https:\/\/woodentouch.fi\/wordpress\/wp-json\/wp\/v2\/comments?post=141"}],"version-history":[{"count":11,"href":"https:\/\/woodentouch.fi\/wordpress\/wp-json\/wp\/v2\/pages\/141\/revisions"}],"predecessor-version":[{"id":2465,"href":"https:\/\/woodentouch.fi\/wordpress\/wp-json\/wp\/v2\/pages\/141\/revisions\/2465"}],"up":[{"embeddable":true,"href":"https:\/\/woodentouch.fi\/wordpress\/wp-json\/wp\/v2\/pages\/333"}],"wp:attachment":[{"href":"https:\/\/woodentouch.fi\/wordpress\/wp-json\/wp\/v2\/media?parent=141"}],"curies":[{"name":"wp","href":"https:\/\/api.w.org\/{rel}","templated":true}]}}