{"id":137,"date":"2009-06-24T12:24:37","date_gmt":"2009-06-24T09:24:37","guid":{"rendered":"http:\/\/www.woodentouch.fi\/wordpress\/?page_id=137"},"modified":"2024-04-10T13:38:33","modified_gmt":"2024-04-10T10:38:33","slug":"kaappi10","status":"publish","type":"page","link":"https:\/\/woodentouch.fi\/wordpress\/tuotteet\/galleria\/kaappi10\/","title":{"rendered":"Kaappi10"},"content":{"rendered":"<p>Nyt yhdistet\u00e4\u00e4n puuta ja maalattua. Oviin tehty poikkiurat, joilla luodaan illuusio nelj\u00e4st\u00e4 ovesta.<\/p>\n<p>koivu 980 euroa<\/p>\n<p>tammi 1230 euroa<\/p>\n<p>p\u00e4hkin\u00e4 1510 euroa<\/p>\n","protected":false},"excerpt":{"rendered":"<p>Nyt yhdistet\u00e4\u00e4n puuta ja maalattua. Oviin tehty poikkiurat, joilla luodaan illuusio nelj\u00e4st\u00e4 ovesta. koivu 980 euroa tammi 1230 euroa p\u00e4hkin\u00e4 1510 euroa<\/p>\n","protected":false},"author":3,"featured_media":0,"parent":333,"menu_order":0,"comment_status":"open","ping_status":"open","template":"tuote.php","meta":{"om_disable_all_campaigns":false,"_monsterinsights_skip_tracking":false,"_monsterinsights_sitenote_active":false,"_monsterinsights_sitenote_note":"","_monsterinsights_sitenote_category":0,"footnotes":""},"class_list":["post-137","page","type-page","status-publish","hentry"],"aioseo_notices":[],"_links":{"self":[{"href":"https:\/\/woodentouch.fi\/wordpress\/wp-json\/wp\/v2\/pages\/137","targetHints":{"allow":["GET"]}}],"collection":[{"href":"https:\/\/woodentouch.fi\/wordpress\/wp-json\/wp\/v2\/pages"}],"about":[{"href":"https:\/\/woodentouch.fi\/wordpress\/wp-json\/wp\/v2\/types\/page"}],"author":[{"embeddable":true,"href":"https:\/\/woodentouch.fi\/wordpress\/wp-json\/wp\/v2\/users\/3"}],"replies":[{"embeddable":true,"href":"https:\/\/woodentouch.fi\/wordpress\/wp-json\/wp\/v2\/comments?post=137"}],"version-history":[{"count":11,"href":"https:\/\/woodentouch.fi\/wordpress\/wp-json\/wp\/v2\/pages\/137\/revisions"}],"predecessor-version":[{"id":2931,"href":"https:\/\/woodentouch.fi\/wordpress\/wp-json\/wp\/v2\/pages\/137\/revisions\/2931"}],"up":[{"embeddable":true,"href":"https:\/\/woodentouch.fi\/wordpress\/wp-json\/wp\/v2\/pages\/333"}],"wp:attachment":[{"href":"https:\/\/woodentouch.fi\/wordpress\/wp-json\/wp\/v2\/media?parent=137"}],"curies":[{"name":"wp","href":"https:\/\/api.w.org\/{rel}","templated":true}]}}