{"id":132,"date":"2009-06-24T12:22:00","date_gmt":"2009-06-24T09:22:00","guid":{"rendered":"http:\/\/www.woodentouch.fi\/wordpress\/?page_id=132"},"modified":"2015-06-23T12:44:22","modified_gmt":"2015-06-23T09:44:22","slug":"poyta40","status":"publish","type":"page","link":"https:\/\/woodentouch.fi\/wordpress\/tuotteet\/galleria\/poyta40\/","title":{"rendered":"poyta40"},"content":{"rendered":"<p>Massiivikoivuinen p\u00f6yt\u00e4 240cm x 110cm. Nelj\u00e4 tuolia menee v\u00e4lj\u00e4sti sivulleen ja leveys sallii ruokakattauksen tekemisen keskelle. Aamupalap\u00f6yd\u00e4ss\u00e4 useampi lukee lehtens\u00e4 rauhassa.<\/p>\n<p>1480 euroa<\/p>\n","protected":false},"excerpt":{"rendered":"<p>Massiivikoivuinen p\u00f6yt\u00e4 240cm x 110cm. Nelj\u00e4 tuolia menee v\u00e4lj\u00e4sti sivulleen ja leveys sallii ruokakattauksen tekemisen keskelle. Aamupalap\u00f6yd\u00e4ss\u00e4 useampi lukee lehtens\u00e4 rauhassa. 1480 euroa<\/p>\n","protected":false},"author":3,"featured_media":0,"parent":333,"menu_order":0,"comment_status":"open","ping_status":"open","template":"tuote.php","meta":{"om_disable_all_campaigns":false,"_monsterinsights_skip_tracking":false,"_monsterinsights_sitenote_active":false,"_monsterinsights_sitenote_note":"","_monsterinsights_sitenote_category":0,"footnotes":""},"class_list":["post-132","page","type-page","status-publish","hentry"],"aioseo_notices":[],"_links":{"self":[{"href":"https:\/\/woodentouch.fi\/wordpress\/wp-json\/wp\/v2\/pages\/132","targetHints":{"allow":["GET"]}}],"collection":[{"href":"https:\/\/woodentouch.fi\/wordpress\/wp-json\/wp\/v2\/pages"}],"about":[{"href":"https:\/\/woodentouch.fi\/wordpress\/wp-json\/wp\/v2\/types\/page"}],"author":[{"embeddable":true,"href":"https:\/\/woodentouch.fi\/wordpress\/wp-json\/wp\/v2\/users\/3"}],"replies":[{"embeddable":true,"href":"https:\/\/woodentouch.fi\/wordpress\/wp-json\/wp\/v2\/comments?post=132"}],"version-history":[{"count":13,"href":"https:\/\/woodentouch.fi\/wordpress\/wp-json\/wp\/v2\/pages\/132\/revisions"}],"predecessor-version":[{"id":2424,"href":"https:\/\/woodentouch.fi\/wordpress\/wp-json\/wp\/v2\/pages\/132\/revisions\/2424"}],"up":[{"embeddable":true,"href":"https:\/\/woodentouch.fi\/wordpress\/wp-json\/wp\/v2\/pages\/333"}],"wp:attachment":[{"href":"https:\/\/woodentouch.fi\/wordpress\/wp-json\/wp\/v2\/media?parent=132"}],"curies":[{"name":"wp","href":"https:\/\/api.w.org\/{rel}","templated":true}]}}