{"id":125,"date":"2009-06-24T12:18:30","date_gmt":"2009-06-24T09:18:30","guid":{"rendered":"http:\/\/www.woodentouch.fi\/wordpress\/?page_id=125"},"modified":"2024-04-10T13:54:04","modified_gmt":"2024-04-10T10:54:04","slug":"kehto","status":"publish","type":"page","link":"https:\/\/woodentouch.fi\/wordpress\/tuotteet\/galleria\/kehto\/","title":{"rendered":"Kehto"},"content":{"rendered":"<p>Perinteist\u00e4 modernimpi kehto. Materiaaleina k\u00e4ytetty mahonkia, loimu- ja visakoivua sek\u00e4 messinki\u00e4.<\/p>\n<p>Kaarevat pinnat ja vinot kulmat tekev\u00e4t t\u00e4st\u00e4 haastavan ja ty\u00f6l\u00e4\u00e4n teht\u00e4v\u00e4n. Hienot materiaalit ovat liven\u00e4 viel\u00e4 upeammat kuin kuvissa.<\/p>\n<p>N\u00e4it\u00e4 ei taatusti ole kuin yksi maailmassa.<\/p>\n","protected":false},"excerpt":{"rendered":"<p>Perinteist\u00e4 modernimpi kehto. Materiaaleina k\u00e4ytetty mahonkia, loimu- ja visakoivua sek\u00e4 messinki\u00e4. Kaarevat pinnat ja vinot kulmat tekev\u00e4t t\u00e4st\u00e4 haastavan ja ty\u00f6l\u00e4\u00e4n teht\u00e4v\u00e4n. Hienot materiaalit ovat liven\u00e4 viel\u00e4 upeammat kuin kuvissa. N\u00e4it\u00e4 ei taatusti ole kuin yksi maailmassa.<\/p>\n","protected":false},"author":3,"featured_media":0,"parent":333,"menu_order":0,"comment_status":"open","ping_status":"open","template":"tuote.php","meta":{"om_disable_all_campaigns":false,"_monsterinsights_skip_tracking":false,"_monsterinsights_sitenote_active":false,"_monsterinsights_sitenote_note":"","_monsterinsights_sitenote_category":0,"footnotes":""},"class_list":["post-125","page","type-page","status-publish","hentry"],"aioseo_notices":[],"_links":{"self":[{"href":"https:\/\/woodentouch.fi\/wordpress\/wp-json\/wp\/v2\/pages\/125","targetHints":{"allow":["GET"]}}],"collection":[{"href":"https:\/\/woodentouch.fi\/wordpress\/wp-json\/wp\/v2\/pages"}],"about":[{"href":"https:\/\/woodentouch.fi\/wordpress\/wp-json\/wp\/v2\/types\/page"}],"author":[{"embeddable":true,"href":"https:\/\/woodentouch.fi\/wordpress\/wp-json\/wp\/v2\/users\/3"}],"replies":[{"embeddable":true,"href":"https:\/\/woodentouch.fi\/wordpress\/wp-json\/wp\/v2\/comments?post=125"}],"version-history":[{"count":8,"href":"https:\/\/woodentouch.fi\/wordpress\/wp-json\/wp\/v2\/pages\/125\/revisions"}],"predecessor-version":[{"id":128,"href":"https:\/\/woodentouch.fi\/wordpress\/wp-json\/wp\/v2\/pages\/125\/revisions\/128"}],"up":[{"embeddable":true,"href":"https:\/\/woodentouch.fi\/wordpress\/wp-json\/wp\/v2\/pages\/333"}],"wp:attachment":[{"href":"https:\/\/woodentouch.fi\/wordpress\/wp-json\/wp\/v2\/media?parent=125"}],"curies":[{"name":"wp","href":"https:\/\/api.w.org\/{rel}","templated":true}]}}