{"id":120,"date":"2009-06-24T12:12:26","date_gmt":"2009-06-24T09:12:26","guid":{"rendered":"http:\/\/www.woodentouch.fi\/wordpress\/?page_id=120"},"modified":"2014-10-09T22:42:59","modified_gmt":"2014-10-09T19:42:59","slug":"sanky","status":"publish","type":"page","link":"https:\/\/woodentouch.fi\/wordpress\/tuotteet\/galleria\/sanky\/","title":{"rendered":"Sanky"},"content":{"rendered":"<p>Mahongista ja zebranosta tehty s\u00e4nky. Eri puulajien k\u00e4ytt\u00f6 korostuu nurkkien liitoksissa.<\/p>\n<p>J\u00e4re\u00e4t jalat upeilla liitoksilla on kerrassaan hieno yksityiskohta.<\/p>\n<p>200&#215;160 patjalle 1520 euroa<\/p>\n","protected":false},"excerpt":{"rendered":"<p>Mahongista ja zebranosta tehty s\u00e4nky. Eri puulajien k\u00e4ytt\u00f6 korostuu nurkkien liitoksissa. J\u00e4re\u00e4t jalat upeilla liitoksilla on kerrassaan hieno yksityiskohta. 200&#215;160 patjalle 1520 euroa<\/p>\n","protected":false},"author":3,"featured_media":0,"parent":333,"menu_order":0,"comment_status":"open","ping_status":"open","template":"tuote.php","meta":{"om_disable_all_campaigns":false,"_monsterinsights_skip_tracking":false,"_monsterinsights_sitenote_active":false,"_monsterinsights_sitenote_note":"","_monsterinsights_sitenote_category":0,"footnotes":""},"class_list":["post-120","page","type-page","status-publish","hentry"],"aioseo_notices":[],"_links":{"self":[{"href":"https:\/\/woodentouch.fi\/wordpress\/wp-json\/wp\/v2\/pages\/120","targetHints":{"allow":["GET"]}}],"collection":[{"href":"https:\/\/woodentouch.fi\/wordpress\/wp-json\/wp\/v2\/pages"}],"about":[{"href":"https:\/\/woodentouch.fi\/wordpress\/wp-json\/wp\/v2\/types\/page"}],"author":[{"embeddable":true,"href":"https:\/\/woodentouch.fi\/wordpress\/wp-json\/wp\/v2\/users\/3"}],"replies":[{"embeddable":true,"href":"https:\/\/woodentouch.fi\/wordpress\/wp-json\/wp\/v2\/comments?post=120"}],"version-history":[{"count":11,"href":"https:\/\/woodentouch.fi\/wordpress\/wp-json\/wp\/v2\/pages\/120\/revisions"}],"predecessor-version":[{"id":2383,"href":"https:\/\/woodentouch.fi\/wordpress\/wp-json\/wp\/v2\/pages\/120\/revisions\/2383"}],"up":[{"embeddable":true,"href":"https:\/\/woodentouch.fi\/wordpress\/wp-json\/wp\/v2\/pages\/333"}],"wp:attachment":[{"href":"https:\/\/woodentouch.fi\/wordpress\/wp-json\/wp\/v2\/media?parent=120"}],"curies":[{"name":"wp","href":"https:\/\/api.w.org\/{rel}","templated":true}]}}