{"id":112,"date":"2009-06-24T12:09:40","date_gmt":"2009-06-24T09:09:40","guid":{"rendered":"http:\/\/www.woodentouch.fi\/wordpress\/?page_id=112"},"modified":"2024-04-10T13:32:31","modified_gmt":"2024-04-10T10:32:31","slug":"2lipasto50","status":"publish","type":"page","link":"https:\/\/woodentouch.fi\/wordpress\/tuotteet\/galleria\/2lipasto50\/","title":{"rendered":"2 lipasto 50"},"content":{"rendered":"<p>Tamminen lipasto on suunniteltu kylpyhuoneen pukeutumispenkiksi. Laatikot avautuvat vetourien avulla,joten vetimi\u00e4 ei tarvita. Penkki ei taivu tukevammankaan istujan alla. Lattiakaatojen varalta jalat voi varustaa s\u00e4\u00e4t\u00f6tassuin.<\/p>\n<p>120x40x45, kaksi laatikkoa<\/p>\n<p>tammesta 1140 euroa<\/p>\n<p>koivusta 870 euroa<\/p>\n","protected":false},"excerpt":{"rendered":"<p>Tamminen lipasto on suunniteltu kylpyhuoneen pukeutumispenkiksi. Laatikot avautuvat vetourien avulla,joten vetimi\u00e4 ei tarvita. Penkki ei taivu tukevammankaan istujan alla. Lattiakaatojen varalta jalat voi varustaa s\u00e4\u00e4t\u00f6tassuin. 120x40x45, kaksi laatikkoa tammesta 1140 euroa koivusta 870 euroa<\/p>\n","protected":false},"author":3,"featured_media":0,"parent":333,"menu_order":0,"comment_status":"open","ping_status":"open","template":"tuote.php","meta":{"om_disable_all_campaigns":false,"_monsterinsights_skip_tracking":false,"_monsterinsights_sitenote_active":false,"_monsterinsights_sitenote_note":"","_monsterinsights_sitenote_category":0,"footnotes":""},"class_list":["post-112","page","type-page","status-publish","hentry"],"aioseo_notices":[],"_links":{"self":[{"href":"https:\/\/woodentouch.fi\/wordpress\/wp-json\/wp\/v2\/pages\/112","targetHints":{"allow":["GET"]}}],"collection":[{"href":"https:\/\/woodentouch.fi\/wordpress\/wp-json\/wp\/v2\/pages"}],"about":[{"href":"https:\/\/woodentouch.fi\/wordpress\/wp-json\/wp\/v2\/types\/page"}],"author":[{"embeddable":true,"href":"https:\/\/woodentouch.fi\/wordpress\/wp-json\/wp\/v2\/users\/3"}],"replies":[{"embeddable":true,"href":"https:\/\/woodentouch.fi\/wordpress\/wp-json\/wp\/v2\/comments?post=112"}],"version-history":[{"count":12,"href":"https:\/\/woodentouch.fi\/wordpress\/wp-json\/wp\/v2\/pages\/112\/revisions"}],"predecessor-version":[{"id":2926,"href":"https:\/\/woodentouch.fi\/wordpress\/wp-json\/wp\/v2\/pages\/112\/revisions\/2926"}],"up":[{"embeddable":true,"href":"https:\/\/woodentouch.fi\/wordpress\/wp-json\/wp\/v2\/pages\/333"}],"wp:attachment":[{"href":"https:\/\/woodentouch.fi\/wordpress\/wp-json\/wp\/v2\/media?parent=112"}],"curies":[{"name":"wp","href":"https:\/\/api.w.org\/{rel}","templated":true}]}}