{"id":108,"date":"2011-06-24T12:01:06","date_gmt":"2011-06-24T09:01:06","guid":{"rendered":"http:\/\/www.woodentouch.fi\/wordpress\/?page_id=108"},"modified":"2024-04-10T13:39:48","modified_gmt":"2024-04-10T10:39:48","slug":"kaappi190","status":"publish","type":"page","link":"https:\/\/woodentouch.fi\/wordpress\/tuotteet\/galleria\/kaappi190\/","title":{"rendered":"kaappi190"},"content":{"rendered":"<p>Aito p\u00e4hkin\u00e4puu ja valkoinen yksinkertaisesti toimivat yhdess\u00e4. Viisi laatikkoa aukeavat painalluksella ja maksimoivat s\u00e4ilytystilan k\u00e4yt\u00f6n.<\/p>\n<p>T\u00e4m\u00e4n tyyppiset kalusteet toimivat monessa eri tilassa, joten ne l\u00f6yt\u00e4v\u00e4t paikkansa my\u00f6s seuraavassakin kodissa.<\/p>\n<p>80x100x45<\/p>\n<p>koivu 1060 euroa<\/p>\n<p>tammi 1420 euroa<\/p>\n<p>p\u00e4hkin\u00e4 1590 euroa<\/p>\n","protected":false},"excerpt":{"rendered":"<p>Aito p\u00e4hkin\u00e4puu ja valkoinen yksinkertaisesti toimivat yhdess\u00e4. Viisi laatikkoa aukeavat painalluksella ja maksimoivat s\u00e4ilytystilan k\u00e4yt\u00f6n. T\u00e4m\u00e4n tyyppiset kalusteet toimivat monessa eri tilassa, joten ne l\u00f6yt\u00e4v\u00e4t paikkansa my\u00f6s seuraavassakin kodissa. 80x100x45 koivu 1060 euroa tammi 1420 euroa p\u00e4hkin\u00e4 1590 euroa<\/p>\n","protected":false},"author":3,"featured_media":0,"parent":333,"menu_order":0,"comment_status":"open","ping_status":"open","template":"tuote.php","meta":{"om_disable_all_campaigns":false,"_monsterinsights_skip_tracking":false,"_monsterinsights_sitenote_active":false,"_monsterinsights_sitenote_note":"","_monsterinsights_sitenote_category":0,"footnotes":""},"class_list":["post-108","page","type-page","status-publish","hentry"],"aioseo_notices":[],"_links":{"self":[{"href":"https:\/\/woodentouch.fi\/wordpress\/wp-json\/wp\/v2\/pages\/108","targetHints":{"allow":["GET"]}}],"collection":[{"href":"https:\/\/woodentouch.fi\/wordpress\/wp-json\/wp\/v2\/pages"}],"about":[{"href":"https:\/\/woodentouch.fi\/wordpress\/wp-json\/wp\/v2\/types\/page"}],"author":[{"embeddable":true,"href":"https:\/\/woodentouch.fi\/wordpress\/wp-json\/wp\/v2\/users\/3"}],"replies":[{"embeddable":true,"href":"https:\/\/woodentouch.fi\/wordpress\/wp-json\/wp\/v2\/comments?post=108"}],"version-history":[{"count":13,"href":"https:\/\/woodentouch.fi\/wordpress\/wp-json\/wp\/v2\/pages\/108\/revisions"}],"predecessor-version":[{"id":2933,"href":"https:\/\/woodentouch.fi\/wordpress\/wp-json\/wp\/v2\/pages\/108\/revisions\/2933"}],"up":[{"embeddable":true,"href":"https:\/\/woodentouch.fi\/wordpress\/wp-json\/wp\/v2\/pages\/333"}],"wp:attachment":[{"href":"https:\/\/woodentouch.fi\/wordpress\/wp-json\/wp\/v2\/media?parent=108"}],"curies":[{"name":"wp","href":"https:\/\/api.w.org\/{rel}","templated":true}]}}