{"id":105,"date":"2009-06-24T11:59:48","date_gmt":"2009-06-24T08:59:48","guid":{"rendered":"http:\/\/www.woodentouch.fi\/wordpress\/?page_id=105"},"modified":"2015-06-30T21:30:18","modified_gmt":"2015-06-30T18:30:18","slug":"laatikosto10","status":"publish","type":"page","link":"https:\/\/woodentouch.fi\/wordpress\/tuotteet\/galleria\/laatikosto10\/","title":{"rendered":"laatikosto10"},"content":{"rendered":"<p>Tamminen laatikosto ei vetimi\u00e4 kaipaa. Laatikoiden massiiviset etulevyt antavat linjakkaan ilmeen.<\/p>\n<p>150x45x40<\/p>\n<p>koivusta 910 euroa<\/p>\n<p>tammesta 1160 euroa<\/p>\n<p>p\u00e4hkin\u00e4st\u00e4 1360 euroa<\/p>\n","protected":false},"excerpt":{"rendered":"<p>Tamminen laatikosto ei vetimi\u00e4 kaipaa. Laatikoiden massiiviset etulevyt antavat linjakkaan ilmeen. 150x45x40 koivusta 910 euroa tammesta 1160 euroa p\u00e4hkin\u00e4st\u00e4 1360 euroa<\/p>\n","protected":false},"author":3,"featured_media":0,"parent":333,"menu_order":0,"comment_status":"open","ping_status":"open","template":"tuote.php","meta":{"om_disable_all_campaigns":false,"_monsterinsights_skip_tracking":false,"_monsterinsights_sitenote_active":false,"_monsterinsights_sitenote_note":"","_monsterinsights_sitenote_category":0,"footnotes":""},"class_list":["post-105","page","type-page","status-publish","hentry"],"aioseo_notices":[],"_links":{"self":[{"href":"https:\/\/woodentouch.fi\/wordpress\/wp-json\/wp\/v2\/pages\/105","targetHints":{"allow":["GET"]}}],"collection":[{"href":"https:\/\/woodentouch.fi\/wordpress\/wp-json\/wp\/v2\/pages"}],"about":[{"href":"https:\/\/woodentouch.fi\/wordpress\/wp-json\/wp\/v2\/types\/page"}],"author":[{"embeddable":true,"href":"https:\/\/woodentouch.fi\/wordpress\/wp-json\/wp\/v2\/users\/3"}],"replies":[{"embeddable":true,"href":"https:\/\/woodentouch.fi\/wordpress\/wp-json\/wp\/v2\/comments?post=105"}],"version-history":[{"count":9,"href":"https:\/\/woodentouch.fi\/wordpress\/wp-json\/wp\/v2\/pages\/105\/revisions"}],"predecessor-version":[{"id":2468,"href":"https:\/\/woodentouch.fi\/wordpress\/wp-json\/wp\/v2\/pages\/105\/revisions\/2468"}],"up":[{"embeddable":true,"href":"https:\/\/woodentouch.fi\/wordpress\/wp-json\/wp\/v2\/pages\/333"}],"wp:attachment":[{"href":"https:\/\/woodentouch.fi\/wordpress\/wp-json\/wp\/v2\/media?parent=105"}],"curies":[{"name":"wp","href":"https:\/\/api.w.org\/{rel}","templated":true}]}}